{"id":114,"date":"2023-05-03T19:53:28","date_gmt":"2023-05-03T19:53:28","guid":{"rendered":"https:\/\/ahmex.mx\/?page_id=114"},"modified":"2023-07-10T16:05:09","modified_gmt":"2023-07-10T16:05:09","slug":"servicios","status":"publish","type":"page","link":"https:\/\/ahmex.mx\/index.php\/servicios\/","title":{"rendered":"Servicios"},"content":{"rendered":"\n<!DOCTYPE html>\n<html>\n\n<head>\n    <title>Salto<\/title>\n<\/head>\n\n<body>\n  <br>\n<br>\n  <br>\n<br>\n<\/body>\n\n<\/html>\n\n\n\n<h2 class=\"wp-block-heading alignfull has-text-align-center animated zoomIn delay-1s slow has-ast-global-color-5-color has-ast-global-color-0-background-color has-text-color has-background\" style=\"padding-top:0;padding-right:0;padding-bottom:0;padding-left:0;font-size:50px\"><strong>Nuestros servicios<\/strong><\/h2>\n\n\n\n<p class=\"has-ast-global-color-8-color has-text-color\" style=\"font-size:23px\"><strong>En cada uno de nuestros servicios, siempre buscamos ofrecer servicios de una excelente calidad, tomando en cuenta las necesidades del cliente y apeg\u00e1ndonos a ciernas normas de calidad.<\/strong><\/p>\n\n\n\n<div class=\"wp-block-columns alignwide are-vertically-aligned-top is-layout-flex wp-container-6\">\n<div class=\"wp-block-column is-vertically-aligned-top is-layout-flow\">\n<figure class=\"wp-block-image aligncenter size-full is-resized has-custom-border animated pulse delay-1s\"><img decoding=\"async\" loading=\"lazy\" src=\"https:\/\/ahmex.mx\/wp-content\/uploads\/2023\/05\/1.png\" alt=\"\" class=\"wp-image-118\" style=\"border-style:none;border-width:0px\" width=\"128\" height=\"128\" srcset=\"https:\/\/ahmex.mx\/wp-content\/uploads\/2023\/05\/1.png 512w, https:\/\/ahmex.mx\/wp-content\/uploads\/2023\/05\/1-300x300.png 300w, https:\/\/ahmex.mx\/wp-content\/uploads\/2023\/05\/1-150x150.png 150w\" sizes=\"(max-width: 128px) 100vw, 128px\" \/><\/figure>\n\n\n\n<p class=\"has-text-align-center has-ast-global-color-8-color has-electric-grass-gradient-background has-text-color has-background\"><strong>Servicio de abastecimiento de medicamentos a toda la rep\u00fablica Mexicana. <\/strong><\/p>\n\n\n\n<p class=\"has-text-align-center\">&#8211;<\/p>\n\n\n\n<div class=\"wp-block-columns is-layout-flex wp-container-2\">\n<div class=\"wp-block-column is-layout-flow\">\n<figure class=\"wp-block-image aligncenter size-full is-resized animated pulse delay-1s\"><img decoding=\"async\" loading=\"lazy\" src=\"https:\/\/ahmex.mx\/wp-content\/uploads\/2023\/05\/4-1.png\" alt=\"\" class=\"wp-image-124\" width=\"117\" height=\"117\" srcset=\"https:\/\/ahmex.mx\/wp-content\/uploads\/2023\/05\/4-1.png 512w, https:\/\/ahmex.mx\/wp-content\/uploads\/2023\/05\/4-1-300x300.png 300w, https:\/\/ahmex.mx\/wp-content\/uploads\/2023\/05\/4-1-150x150.png 150w\" sizes=\"(max-width: 117px) 100vw, 117px\" \/><\/figure>\n\n\n\n<p class=\"has-text-align-center has-ast-global-color-8-color has-pale-ocean-gradient-background has-text-color has-background\"><strong>Atenci\u00f3n m\u00e9dica general, epecializada<\/strong>.<\/p>\n\n\n\n<p class=\"has-text-align-center\">&#8211;<\/p>\n<\/div>\n<\/div>\n<\/div>\n\n\n\n<div class=\"wp-block-column is-vertically-aligned-top is-layout-flow\">\n<figure class=\"wp-block-image aligncenter size-full is-resized has-custom-border animated pulse delay-1s\"><img decoding=\"async\" loading=\"lazy\" src=\"https:\/\/ahmex.mx\/wp-content\/uploads\/2023\/05\/2.png\" alt=\"\" class=\"wp-image-119\" style=\"border-style:none;border-width:0px;border-radius:0px\" width=\"126\" height=\"126\" srcset=\"https:\/\/ahmex.mx\/wp-content\/uploads\/2023\/05\/2.png 512w, https:\/\/ahmex.mx\/wp-content\/uploads\/2023\/05\/2-300x300.png 300w, https:\/\/ahmex.mx\/wp-content\/uploads\/2023\/05\/2-150x150.png 150w\" sizes=\"(max-width: 126px) 100vw, 126px\" \/><\/figure>\n\n\n\n<p class=\"has-text-align-center has-ast-global-color-8-color has-very-light-gray-to-cyan-bluish-gray-gradient-background has-text-color has-background\"><strong>Bodegas para resguardo de toda clase de medicamentos generales y controlados. <\/strong><\/p>\n\n\n\n<p class=\"has-text-align-center\">&#8211;<\/p>\n\n\n\n<figure class=\"wp-block-image aligncenter size-full is-resized animated pulse delay-1s\"><img decoding=\"async\" loading=\"lazy\" src=\"https:\/\/ahmex.mx\/wp-content\/uploads\/2023\/05\/6.png\" alt=\"\" class=\"wp-image-126\" width=\"112\" height=\"112\" srcset=\"https:\/\/ahmex.mx\/wp-content\/uploads\/2023\/05\/6.png 512w, https:\/\/ahmex.mx\/wp-content\/uploads\/2023\/05\/6-300x300.png 300w, https:\/\/ahmex.mx\/wp-content\/uploads\/2023\/05\/6-150x150.png 150w\" sizes=\"(max-width: 112px) 100vw, 112px\" \/><\/figure>\n\n\n\n<p class=\"has-text-align-center has-ast-global-color-8-color has-blush-bordeaux-gradient-background has-text-color has-background\"><strong>Administraci\u00f3n de personal en las especialidades de Anestesiolog\u00eda, Cardiolog\u00eda, Dermatolog\u00eda, Endocrinolog\u00eda, Gastroenterolog\u00eda, etc.<\/strong><\/p>\n\n\n\n<p class=\"has-text-align-center\">&#8211;<\/p>\n<\/div>\n\n\n\n<div class=\"wp-block-column is-vertically-aligned-top is-layout-flow\">\n<figure class=\"wp-block-image aligncenter size-full is-resized has-custom-border animated pulse delay-1s\"><img decoding=\"async\" loading=\"lazy\" src=\"https:\/\/ahmex.mx\/wp-content\/uploads\/2023\/05\/3.png\" alt=\"\" class=\"wp-image-120\" style=\"border-style:none;border-width:0px;border-radius:0px\" width=\"126\" height=\"126\" srcset=\"https:\/\/ahmex.mx\/wp-content\/uploads\/2023\/05\/3.png 512w, https:\/\/ahmex.mx\/wp-content\/uploads\/2023\/05\/3-300x300.png 300w, https:\/\/ahmex.mx\/wp-content\/uploads\/2023\/05\/3-150x150.png 150w\" sizes=\"(max-width: 126px) 100vw, 126px\" \/><\/figure>\n\n\n\n<p class=\"has-text-align-center has-ast-global-color-8-color has-luminous-vivid-amber-to-luminous-vivid-orange-gradient-background has-text-color has-background\"><strong>Venta, distribuci\u00f3n y comercializaci\u00f3n de medicamentos a gran escala. <\/strong><\/p>\n\n\n\n<p class=\"has-text-align-center\">&#8211;<\/p>\n\n\n\n<figure class=\"wp-block-image aligncenter size-full is-resized animated pulse delay-1s\"><img decoding=\"async\" loading=\"lazy\" src=\"https:\/\/ahmex.mx\/wp-content\/uploads\/2023\/05\/5.png\" alt=\"\" class=\"wp-image-127\" width=\"111\" height=\"111\" srcset=\"https:\/\/ahmex.mx\/wp-content\/uploads\/2023\/05\/5.png 512w, https:\/\/ahmex.mx\/wp-content\/uploads\/2023\/05\/5-300x300.png 300w, https:\/\/ahmex.mx\/wp-content\/uploads\/2023\/05\/5-150x150.png 150w\" sizes=\"(max-width: 111px) 100vw, 111px\" \/><\/figure>\n\n\n\n<p class=\"has-text-align-center has-ast-global-color-8-color has-luminous-dusk-gradient-background has-text-color has-background\"><strong>Servicios de laboratorio integrales en estudios de gabinete.<\/strong> <\/p>\n\n\n\n<p class=\"has-text-align-center\">&#8211;<\/p>\n<\/div>\n<\/div>\n","protected":false},"excerpt":{"rendered":"<p>Salto Nuestros servicios En cada uno de nuestros servicios, siempre buscamos ofrecer servicios de una excelente calidad, tomando en cuenta las necesidades del cliente y apeg\u00e1ndonos a ciernas normas de calidad. Servicio de abastecimiento de medicamentos a toda la rep\u00fablica Mexicana. &#8211; Atenci\u00f3n m\u00e9dica general, epecializada. &#8211; Bodegas para resguardo de toda clase de medicamentos &hellip;<\/p>\n<p class=\"read-more\"> <a class=\"\" href=\"https:\/\/ahmex.mx\/index.php\/servicios\/\"> <span class=\"screen-reader-text\">Servicios<\/span> Read More &raquo;<\/a><\/p>\n","protected":false},"author":2,"featured_media":0,"parent":0,"menu_order":0,"comment_status":"closed","ping_status":"closed","template":"","meta":{"site-sidebar-layout":"default","site-content-layout":"default","ast-global-header-display":"","ast-main-header-display":"","ast-hfb-above-header-display":"","ast-hfb-below-header-display":"","ast-hfb-mobile-header-display":"","site-post-title":"disabled","ast-breadcrumbs-content":"","ast-featured-img":"","footer-sml-layout":"","theme-transparent-header-meta":"disabled","adv-header-id-meta":"","stick-header-meta":"","header-above-stick-meta":"","header-main-stick-meta":"","header-below-stick-meta":""},"_links":{"self":[{"href":"https:\/\/ahmex.mx\/index.php\/wp-json\/wp\/v2\/pages\/114"}],"collection":[{"href":"https:\/\/ahmex.mx\/index.php\/wp-json\/wp\/v2\/pages"}],"about":[{"href":"https:\/\/ahmex.mx\/index.php\/wp-json\/wp\/v2\/types\/page"}],"author":[{"embeddable":true,"href":"https:\/\/ahmex.mx\/index.php\/wp-json\/wp\/v2\/users\/2"}],"replies":[{"embeddable":true,"href":"https:\/\/ahmex.mx\/index.php\/wp-json\/wp\/v2\/comments?post=114"}],"version-history":[{"count":53,"href":"https:\/\/ahmex.mx\/index.php\/wp-json\/wp\/v2\/pages\/114\/revisions"}],"predecessor-version":[{"id":1070,"href":"https:\/\/ahmex.mx\/index.php\/wp-json\/wp\/v2\/pages\/114\/revisions\/1070"}],"wp:attachment":[{"href":"https:\/\/ahmex.mx\/index.php\/wp-json\/wp\/v2\/media?parent=114"}],"curies":[{"name":"wp","href":"https:\/\/api.w.org\/{rel}","templated":true}]}}