{"id":135,"date":"2023-05-03T20:36:42","date_gmt":"2023-05-03T20:36:42","guid":{"rendered":"https:\/\/ahmex.mx\/?page_id=135"},"modified":"2023-07-13T16:05:58","modified_gmt":"2023-07-13T16:05:58","slug":"experiencia","status":"publish","type":"page","link":"https:\/\/ahmex.mx\/index.php\/experiencia\/","title":{"rendered":"Experiencia"},"content":{"rendered":"\n<!DOCTYPE html>\n<html>\n\n<head>\n    <title>Salto<\/title>\n<\/head>\n\n<body>\n  <br>\n<br>\n  <br>\n<br>\n<\/body>\n\n<\/html>\n\n\n\n<h2 class=\"wp-block-heading alignfull has-text-align-center animated zoomIn delay-1s slow has-ast-global-color-5-color has-ast-global-color-0-background-color has-text-color has-background\" style=\"padding-top:0;padding-right:0;padding-bottom:0;padding-left:0;font-style:normal;font-weight:400\"><strong>Experiencia <\/strong><\/h2>\n\n\n\n<p class=\"has-ast-global-color-8-color has-text-color has-medium-font-size\"><strong>Desde el nacimiento de nuestra empresa, hemos colaborado y a la vez trabajado en diferentes organizaciones en el mercado, tanto en sectores de salud p\u00fablico y privado<\/strong>. <strong>Mismas organizaciones que respaldan nuestro trabajo, ya que en cada uno de nuestros servicios, buscamos siempre mostrar eficiencia, responsabilidad y calidad en cada una de las actividades. <\/strong>                                                                     <strong>A continuaci\u00f3n, se muestran algunas de la organizaciones tanto del sector privado como p\u00fablico en las que se ha colaborado<\/strong>:<\/p>\n\n\n\n<p class=\"has-text-align-center has-ast-global-color-8-color has-text-color\" style=\"font-size:30px\"><strong>Experiencia en sectores: <\/strong><\/p>\n\n\n\n<p class=\"has-text-align-center has-ast-global-color-8-color has-very-light-gray-to-cyan-bluish-gray-gradient-background has-text-color has-background\" style=\"font-size:30px\">&#8212;&#8212;&#8212;&#8212;&#8212;- <strong>P\u00fablico<\/strong> &#8212;&#8212;&#8212;&#8212;&#8212;-<\/p>\n\n\n\n<div class=\"wp-block-media-text is-stacked-on-mobile animated fadeInLeft\" style=\"grid-template-columns:15% auto\"><figure class=\"wp-block-media-text__media\"><img decoding=\"async\" loading=\"lazy\" width=\"900\" height=\"900\" src=\"https:\/\/ahmex.mx\/wp-content\/uploads\/2023\/05\/E1.jpg\" alt=\"\" class=\"wp-image-294 size-full\" srcset=\"https:\/\/ahmex.mx\/wp-content\/uploads\/2023\/05\/E1.jpg 900w, https:\/\/ahmex.mx\/wp-content\/uploads\/2023\/05\/E1-300x300.jpg 300w, https:\/\/ahmex.mx\/wp-content\/uploads\/2023\/05\/E1-150x150.jpg 150w, https:\/\/ahmex.mx\/wp-content\/uploads\/2023\/05\/E1-768x768.jpg 768w\" sizes=\"(max-width: 900px) 100vw, 900px\" \/><\/figure><div class=\"wp-block-media-text__content\">\n<p class=\"has-text-align-center has-ast-global-color-8-color has-electric-grass-gradient-background has-text-color has-background\" style=\"font-size:23px\"><strong>Instituto Mexicano del Servicio Social<\/strong><\/p>\n<\/div><\/div>\n\n\n\n<div class=\"wp-block-media-text has-media-on-the-right is-stacked-on-mobile animated fadeInRight\" style=\"grid-template-columns:auto 15%\"><div class=\"wp-block-media-text__content\">\n<p class=\"has-text-align-center has-ast-global-color-8-color has-luminous-vivid-amber-to-luminous-vivid-orange-gradient-background has-text-color has-background\" style=\"font-size:23px\"><strong>Instituto de Seguridad Social del Estado de M\u00e9xico y Municipios<\/strong><\/p>\n<\/div><figure class=\"wp-block-media-text__media\"><img decoding=\"async\" loading=\"lazy\" width=\"300\" height=\"79\" src=\"https:\/\/ahmex.mx\/wp-content\/uploads\/2023\/07\/E22.png\" alt=\"\" class=\"wp-image-893 size-full\"\/><\/figure><\/div>\n\n\n\n<div class=\"wp-block-media-text is-stacked-on-mobile animated fadeInLeft\" style=\"grid-template-columns:15% auto\"><figure class=\"wp-block-media-text__media\"><img decoding=\"async\" loading=\"lazy\" width=\"165\" height=\"195\" src=\"https:\/\/ahmex.mx\/wp-content\/uploads\/2023\/07\/issste1.png\" alt=\"\" class=\"wp-image-903 size-full\"\/><\/figure><div class=\"wp-block-media-text__content\">\n<p class=\"has-text-align-center has-ast-global-color-8-color has-blush-bordeaux-gradient-background has-text-color has-background\" style=\"font-size:23px\"><strong>Instituto de Seguridad y Servicios Sociales para los Trabajadores del Estado<\/strong><\/p>\n<\/div><\/div>\n\n\n\n<div class=\"wp-block-media-text has-media-on-the-right is-stacked-on-mobile is-vertically-aligned-center animated fadeInRight\" style=\"grid-template-columns:auto 15%\"><div class=\"wp-block-media-text__content\">\n<p class=\"has-text-align-center has-ast-global-color-8-color has-pale-ocean-gradient-background has-text-color has-background\" style=\"font-size:23px\"><strong>\u00d3rgano de operaci\u00f3n Administrativo de Prevenci\u00f3n y Readaptaci\u00f3n Social<\/strong><\/p>\n<\/div><figure class=\"wp-block-media-text__media\"><img decoding=\"async\" loading=\"lazy\" width=\"1024\" height=\"864\" src=\"https:\/\/ahmex.mx\/wp-content\/uploads\/2023\/05\/E4-1024x864.png\" alt=\"\" class=\"wp-image-297 size-full\" srcset=\"https:\/\/ahmex.mx\/wp-content\/uploads\/2023\/05\/E4-1024x864.png 1024w, https:\/\/ahmex.mx\/wp-content\/uploads\/2023\/05\/E4-300x253.png 300w, https:\/\/ahmex.mx\/wp-content\/uploads\/2023\/05\/E4-768x648.png 768w, https:\/\/ahmex.mx\/wp-content\/uploads\/2023\/05\/E4-1536x1297.png 1536w, https:\/\/ahmex.mx\/wp-content\/uploads\/2023\/05\/E4-2048x1729.png 2048w\" sizes=\"(max-width: 1024px) 100vw, 1024px\" \/><\/figure><\/div>\n\n\n\n<p class=\"has-ast-global-color-8-color has-text-color has-medium-font-size\">&#8212;<\/p>\n\n\n\n<p class=\"has-text-align-center has-ast-global-color-8-color has-very-light-gray-to-cyan-bluish-gray-gradient-background has-text-color has-background\" style=\"font-size:30px\">&#8212;&#8212;&#8212;&#8212;&#8212;- <strong>Privado<\/strong> &#8212;&#8212;&#8212;&#8212;&#8212;-<\/p>\n\n\n\n<div class=\"wp-block-media-text is-stacked-on-mobile is-vertically-aligned-center animated fadeInLeft\" style=\"grid-template-columns:15% auto\"><figure class=\"wp-block-media-text__media\"><img decoding=\"async\" loading=\"lazy\" width=\"895\" height=\"182\" src=\"https:\/\/ahmex.mx\/wp-content\/uploads\/2023\/05\/E5.jpg\" alt=\"\" class=\"wp-image-331 size-full\" srcset=\"https:\/\/ahmex.mx\/wp-content\/uploads\/2023\/05\/E5.jpg 895w, https:\/\/ahmex.mx\/wp-content\/uploads\/2023\/05\/E5-300x61.jpg 300w, https:\/\/ahmex.mx\/wp-content\/uploads\/2023\/05\/E5-768x156.jpg 768w\" sizes=\"(max-width: 895px) 100vw, 895px\" \/><\/figure><div class=\"wp-block-media-text__content\">\n<p class=\"has-text-align-center has-ast-global-color-8-color has-luminous-vivid-amber-to-luminous-vivid-orange-gradient-background has-text-color has-background\" style=\"font-size:23px\"><strong>Grey Group<\/strong><\/p>\n<\/div><\/div>\n\n\n\n<div class=\"wp-block-media-text has-media-on-the-right is-stacked-on-mobile is-vertically-aligned-center animated fadeInRight\" style=\"font-size:23px;grid-template-columns:auto 15%\"><div class=\"wp-block-media-text__content\">\n<p class=\"has-text-align-center has-ast-global-color-8-color has-luminous-dusk-gradient-background has-text-color has-background\"><strong>Grupo Mindshare<\/strong><\/p>\n<\/div><figure class=\"wp-block-media-text__media\"><img decoding=\"async\" loading=\"lazy\" width=\"316\" height=\"215\" src=\"https:\/\/ahmex.mx\/wp-content\/uploads\/2023\/07\/E6.jpg\" alt=\"\" class=\"wp-image-916 size-full\" srcset=\"https:\/\/ahmex.mx\/wp-content\/uploads\/2023\/07\/E6.jpg 316w, https:\/\/ahmex.mx\/wp-content\/uploads\/2023\/07\/E6-300x204.jpg 300w\" sizes=\"(max-width: 316px) 100vw, 316px\" \/><\/figure><\/div>\n\n\n\n<div class=\"wp-block-media-text is-stacked-on-mobile is-vertically-aligned-center animated fadeInLeft\" style=\"grid-template-columns:15% auto\"><figure class=\"wp-block-media-text__media\"><img decoding=\"async\" loading=\"lazy\" width=\"800\" height=\"800\" src=\"https:\/\/ahmex.mx\/wp-content\/uploads\/2023\/05\/E7.png\" alt=\"\" class=\"wp-image-335 size-full\" srcset=\"https:\/\/ahmex.mx\/wp-content\/uploads\/2023\/05\/E7.png 800w, https:\/\/ahmex.mx\/wp-content\/uploads\/2023\/05\/E7-300x300.png 300w, https:\/\/ahmex.mx\/wp-content\/uploads\/2023\/05\/E7-150x150.png 150w, https:\/\/ahmex.mx\/wp-content\/uploads\/2023\/05\/E7-768x768.png 768w\" sizes=\"(max-width: 800px) 100vw, 800px\" \/><\/figure><div class=\"wp-block-media-text__content\">\n<p class=\"has-text-align-center has-ast-global-color-8-color has-pale-ocean-gradient-background has-text-color has-background\" style=\"font-size:23px\"><strong>Laboratorios Merk<\/strong><\/p>\n<\/div><\/div>\n\n\n\n<div class=\"wp-block-media-text has-media-on-the-right is-stacked-on-mobile is-vertically-aligned-center animated fadeInRight\" style=\"grid-template-columns:auto 15%\"><div class=\"wp-block-media-text__content\">\n<p class=\"has-text-align-center has-ast-global-color-8-color has-blush-bordeaux-gradient-background has-text-color has-background\" style=\"font-size:23px\"><strong>Laboratorios Polab<\/strong><\/p>\n<\/div><figure class=\"wp-block-media-text__media\"><img decoding=\"async\" loading=\"lazy\" width=\"680\" height=\"460\" src=\"https:\/\/ahmex.mx\/wp-content\/uploads\/2023\/05\/E8.jpg\" alt=\"\" class=\"wp-image-336 size-full\" srcset=\"https:\/\/ahmex.mx\/wp-content\/uploads\/2023\/05\/E8.jpg 680w, https:\/\/ahmex.mx\/wp-content\/uploads\/2023\/05\/E8-300x203.jpg 300w\" sizes=\"(max-width: 680px) 100vw, 680px\" \/><\/figure><\/div>\n\n\n\n<div class=\"wp-block-media-text is-stacked-on-mobile is-vertically-aligned-center animated fadeInLeft\" style=\"grid-template-columns:15% auto\"><figure class=\"wp-block-media-text__media\"><img decoding=\"async\" loading=\"lazy\" width=\"367\" height=\"137\" src=\"https:\/\/ahmex.mx\/wp-content\/uploads\/2023\/05\/E9.png\" alt=\"\" class=\"wp-image-337 size-full\" srcset=\"https:\/\/ahmex.mx\/wp-content\/uploads\/2023\/05\/E9.png 367w, https:\/\/ahmex.mx\/wp-content\/uploads\/2023\/05\/E9-300x112.png 300w\" sizes=\"(max-width: 367px) 100vw, 367px\" \/><\/figure><div class=\"wp-block-media-text__content\">\n<p class=\"has-text-align-center has-ast-global-color-8-color has-vivid-cyan-blue-to-vivid-purple-gradient-background has-text-color has-background\" style=\"font-size:23px\"><strong>Laboratorios Monar<\/strong><\/p>\n<\/div><\/div>\n","protected":false},"excerpt":{"rendered":"<p>Salto Experiencia Desde el nacimiento de nuestra empresa, hemos colaborado y a la vez trabajado en diferentes organizaciones en el mercado, tanto en sectores de salud p\u00fablico y privado. Mismas organizaciones que respaldan nuestro trabajo, ya que en cada uno de nuestros servicios, buscamos siempre mostrar eficiencia, responsabilidad y calidad en cada una de las &hellip;<\/p>\n<p class=\"read-more\"> <a class=\"\" href=\"https:\/\/ahmex.mx\/index.php\/experiencia\/\"> <span class=\"screen-reader-text\">Experiencia<\/span> Read More &raquo;<\/a><\/p>\n","protected":false},"author":2,"featured_media":0,"parent":0,"menu_order":0,"comment_status":"closed","ping_status":"closed","template":"","meta":{"site-sidebar-layout":"default","site-content-layout":"default","ast-global-header-display":"","ast-main-header-display":"","ast-hfb-above-header-display":"","ast-hfb-below-header-display":"","ast-hfb-mobile-header-display":"","site-post-title":"disabled","ast-breadcrumbs-content":"","ast-featured-img":"","footer-sml-layout":"","theme-transparent-header-meta":"disabled","adv-header-id-meta":"","stick-header-meta":"","header-above-stick-meta":"","header-main-stick-meta":"","header-below-stick-meta":""},"_links":{"self":[{"href":"https:\/\/ahmex.mx\/index.php\/wp-json\/wp\/v2\/pages\/135"}],"collection":[{"href":"https:\/\/ahmex.mx\/index.php\/wp-json\/wp\/v2\/pages"}],"about":[{"href":"https:\/\/ahmex.mx\/index.php\/wp-json\/wp\/v2\/types\/page"}],"author":[{"embeddable":true,"href":"https:\/\/ahmex.mx\/index.php\/wp-json\/wp\/v2\/users\/2"}],"replies":[{"embeddable":true,"href":"https:\/\/ahmex.mx\/index.php\/wp-json\/wp\/v2\/comments?post=135"}],"version-history":[{"count":123,"href":"https:\/\/ahmex.mx\/index.php\/wp-json\/wp\/v2\/pages\/135\/revisions"}],"predecessor-version":[{"id":1253,"href":"https:\/\/ahmex.mx\/index.php\/wp-json\/wp\/v2\/pages\/135\/revisions\/1253"}],"wp:attachment":[{"href":"https:\/\/ahmex.mx\/index.php\/wp-json\/wp\/v2\/media?parent=135"}],"curies":[{"name":"wp","href":"https:\/\/api.w.org\/{rel}","templated":true}]}}