{"id":144,"date":"2023-05-03T20:59:19","date_gmt":"2023-05-03T20:59:19","guid":{"rendered":"https:\/\/ahmex.mx\/?page_id=144"},"modified":"2026-01-30T22:41:18","modified_gmt":"2026-01-30T22:41:18","slug":"contacto","status":"publish","type":"page","link":"https:\/\/ahmex.mx\/index.php\/contacto\/","title":{"rendered":"Contacto"},"content":{"rendered":"\n<!DOCTYPE html>\n<html>\n\n<head>\n    <title>Salto<\/title>\n<\/head>\n\n<body>\n  <br>\n<br>\n  <br>\n<br>\n<\/body>\n\n<\/html>\n\n\n\n<h2 class=\"wp-block-heading alignfull has-text-align-center animated zoomIn delay-1s slow has-ast-global-color-5-color has-ast-global-color-0-background-color has-text-color has-background\" style=\"padding-top:0;padding-right:0;padding-bottom:0;padding-left:0;font-size:50px\"><strong>Contacto<\/strong><\/h2>\n\n\n\n<p class=\"has-ast-global-color-8-color has-text-color\" style=\"font-size:23px\"><strong>Para saber m\u00e1s contacte con nosotros,<\/strong> <strong>se te atender\u00e1 de la manera m\u00e1s atenta y a la brevedad posible. As\u00ed mismo, se encuentran los medios de contacto. <\/strong><\/p>\n\n\n\n<div class=\"wp-block-columns has-ast-global-color-6-background-color has-background is-layout-flex wp-container-5\">\n<div class=\"wp-block-column is-layout-flow\">\n<div class=\"wp-block-buttons is-layout-flex\">\n<div class=\"wp-block-button has-custom-font-size animated backInLeft delay-1s has-medium-font-size\"><a class=\"wp-block-button__link has-ast-global-color-8-color has-luminous-vivid-amber-to-luminous-vivid-orange-gradient-background has-text-color has-background wp-element-button\" style=\"border-radius:10px;padding-top:var(--wp--preset--spacing--20);padding-right:var(--wp--preset--spacing--20);padding-bottom:var(--wp--preset--spacing--20);padding-left:var(--wp--preset--spacing--20)\"><strong>Te invitamos a llenar el siguiente formulario, nos ser\u00e1 de gran ayuda para saber sobre tus necesidades y ponernos en contacto contigo.<\/strong><\/a><\/div>\n<\/div>\n\n\n<div class=\"wpforms-container wpforms-container-full wpforms-render-modern\" id=\"wpforms-183\"><form id=\"wpforms-form-183\" class=\"wpforms-validate wpforms-form wpforms-ajax-form\" data-formid=\"183\" method=\"post\" enctype=\"multipart\/form-data\" action=\"\/index.php\/wp-json\/wp\/v2\/pages\/144\" data-token=\"abb52dd96e26886d3030cafeef620a7d\"><noscript class=\"wpforms-error-noscript\">Please enable JavaScript in your browser to complete this form.<\/noscript><div class=\"wpforms-hidden\" id=\"wpforms-error-noscript\">Please enable JavaScript in your browser to complete this form.<\/div><div class=\"wpforms-field-container\"><div id=\"wpforms-183-field_1-container\" class=\"wpforms-field wpforms-field-name\" data-field-id=\"1\"><fieldset><legend class=\"wpforms-field-label\">Nombre <span class=\"wpforms-required-label\" aria-hidden=\"true\">*<\/span><\/legend><div class=\"wpforms-field-row wpforms-field-large\"><div class=\"wpforms-field-row-block wpforms-first wpforms-one-half\"><input type=\"text\" id=\"wpforms-183-field_1\" class=\"wpforms-field-name-first wpforms-field-required\" name=\"wpforms[fields][1][first]\" aria-errormessage=\"wpforms-183-field_1-error\" required><label for=\"wpforms-183-field_1\" class=\"wpforms-field-sublabel after \">First<\/label><\/div><div class=\"wpforms-field-row-block wpforms-one-half\"><input type=\"text\" id=\"wpforms-183-field_1-last\" class=\"wpforms-field-name-last wpforms-field-required\" name=\"wpforms[fields][1][last]\" aria-errormessage=\"wpforms-183-field_1-last-error\" required><label for=\"wpforms-183-field_1-last\" class=\"wpforms-field-sublabel after \">Last<\/label><\/div><\/div><\/fieldset><\/div><div id=\"wpforms-183-field_2-container\" class=\"wpforms-field wpforms-field-email\" data-field-id=\"2\"><label class=\"wpforms-field-label\" for=\"wpforms-183-field_2\">Correo electr\u00f3nico <span class=\"wpforms-required-label\" aria-hidden=\"true\">*<\/span><\/label><input type=\"email\" id=\"wpforms-183-field_2\" class=\"wpforms-field-large wpforms-field-required\" name=\"wpforms[fields][2]\" spellcheck=\"false\" aria-errormessage=\"wpforms-183-field_2-error\" required><\/div><div id=\"wpforms-183-field_4-container\" class=\"wpforms-field wpforms-field-text\" data-field-id=\"4\"><label class=\"wpforms-field-label\" for=\"wpforms-183-field_4\">N\u00famero de contacto  <span class=\"wpforms-required-label\" aria-hidden=\"true\">*<\/span><\/label><input type=\"text\" id=\"wpforms-183-field_4\" class=\"wpforms-field-large wpforms-field-required wpforms-limit-characters-enabled\" data-form-id=\"183\" data-field-id=\"4\" data-text-limit=\"10\" name=\"wpforms[fields][4]\" aria-errormessage=\"wpforms-183-field_4-error\" maxlength=\"10\" required><\/div><div id=\"wpforms-183-field_3-container\" class=\"wpforms-field wpforms-field-textarea\" data-field-id=\"3\"><label class=\"wpforms-field-label\" for=\"wpforms-183-field_3\">T\u00fa mensaje <span class=\"wpforms-required-label\" aria-hidden=\"true\">*<\/span><\/label><textarea id=\"wpforms-183-field_3\" class=\"wpforms-field-large wpforms-field-required\" name=\"wpforms[fields][3]\" aria-errormessage=\"wpforms-183-field_3-error\" required><\/textarea><\/div><\/div><!-- .wpforms-field-container --><div class=\"wpforms-recaptcha-container wpforms-is-recaptcha\" ><div class=\"g-recaptcha\" data-sitekey=\"6LcZ9t0lAAAAAJL5rCqa8ShGPIHv-CqbjIlTY1SM\"><\/div><input type=\"text\" name=\"g-recaptcha-hidden\" class=\"wpforms-recaptcha-hidden\" style=\"position:absolute!important;clip:rect(0,0,0,0)!important;height:1px!important;width:1px!important;border:0!important;overflow:hidden!important;padding:0!important;margin:0!important;\" data-rule-recaptcha=\"1\"><\/div><div class=\"wpforms-submit-container\" ><input type=\"hidden\" name=\"wpforms[id]\" value=\"183\"><input type=\"hidden\" name=\"wpforms[author]\" value=\"2\"><button type=\"submit\" name=\"wpforms[submit]\" id=\"wpforms-submit-183\" class=\"wpforms-submit\" data-alt-text=\"Enviando...\" data-submit-text=\"Enviar\" aria-live=\"assertive\" value=\"wpforms-submit\">Enviar<\/button><img src=\"https:\/\/ahmex.mx\/wp-content\/plugins\/wpforms-lite\/assets\/images\/submit-spin.svg\" class=\"wpforms-submit-spinner\" style=\"display: none;\" width=\"26\" height=\"26\" alt=\"Loading\"><\/div><\/form><\/div>  <!-- .wpforms-container -->\n\n\n\n<p><\/p>\n<\/div>\n\n\n\n<div class=\"wp-block-column is-vertically-aligned-top is-layout-flow\">\n<div class=\"wp-block-buttons is-layout-flex\">\n<div class=\"wp-block-button animated backInRight delay-1s\"><a class=\"wp-block-button__link has-ast-global-color-8-color has-luminous-vivid-amber-to-luminous-vivid-orange-gradient-background has-text-color has-background wp-element-button\" style=\"border-radius:10px\"><strong>A continuaci\u00f3n, se encuentran los diferentes medios de contacto, a los cuales podr\u00e1s acceder para aclarar dudas de manera directa.<\/strong><\/a><\/div>\n<\/div>\n\n\n\n<!DOCTYPE html>\n<html>\n<head>\n  <script src=\"https:\/\/kit.fontawesome.com\/0389de9a5d.js\" crossorigin=\"anonymous\"><\/script>\n  <style>\n    .icono-texto {\n  \/*display: flex;*\/\n  align-items: center;\n}\n\n.icono-texto i {\n  margin-right: 10px;\n}\n  <\/style>\n<\/head>\n\n<body>\n  <div class=\"icono-texto\"> \n    <br>\n    <i class=\"fa-solid fa-phone fa-bounce\" style=\"color: #000000;\"><\/i>\n    <span style=\"color:#000000\";> (722) 941 1302<\/span>\n    <br>\n    <br>\n    <i class=\"fa-solid fa-envelope fa-bounce\" style=\"color: #000000;\"><\/i>\n    <span style=\"color:#000000\";>info@ahmex.mx<\/span>\n    <br>\n    <br>\n    <i class=\"fa-sharp fa-solid fa-location-dot fa-bounce\" style=\"color: #000000;\"><\/i>\n    <span style=\"color:#000000\";>DOMICILIO FISCAL: Hugo S\u00e1nchez 93, Col. Deportiva, Zinacantepec, Estado de M\u00e9xico, C.P 51356<\/span>\n  <\/div>\n\n\n<\/body>\n<\/html>\n<\/div>\n<\/div>\n\n\n\n<p>.<\/p>\n\n\n\n<p class=\"has-text-align-center\"><\/p>\n","protected":false},"excerpt":{"rendered":"<p>Salto Contacto Para saber m\u00e1s contacte con nosotros, se te atender\u00e1 de la manera m\u00e1s atenta y a la brevedad posible. As\u00ed mismo, se encuentran los medios de contacto. (722) 941 1302 info@ahmex.mx DOMICILIO FISCAL: Hugo S\u00e1nchez 93, Col. Deportiva, Zinacantepec, Estado de M\u00e9xico, C.P 51356 .<\/p>\n","protected":false},"author":2,"featured_media":0,"parent":0,"menu_order":0,"comment_status":"closed","ping_status":"closed","template":"","meta":{"site-sidebar-layout":"default","site-content-layout":"default","ast-global-header-display":"","ast-main-header-display":"","ast-hfb-above-header-display":"","ast-hfb-below-header-display":"","ast-hfb-mobile-header-display":"","site-post-title":"disabled","ast-breadcrumbs-content":"","ast-featured-img":"","footer-sml-layout":"","theme-transparent-header-meta":"disabled","adv-header-id-meta":"","stick-header-meta":"","header-above-stick-meta":"","header-main-stick-meta":"","header-below-stick-meta":""},"_links":{"self":[{"href":"https:\/\/ahmex.mx\/index.php\/wp-json\/wp\/v2\/pages\/144"}],"collection":[{"href":"https:\/\/ahmex.mx\/index.php\/wp-json\/wp\/v2\/pages"}],"about":[{"href":"https:\/\/ahmex.mx\/index.php\/wp-json\/wp\/v2\/types\/page"}],"author":[{"embeddable":true,"href":"https:\/\/ahmex.mx\/index.php\/wp-json\/wp\/v2\/users\/2"}],"replies":[{"embeddable":true,"href":"https:\/\/ahmex.mx\/index.php\/wp-json\/wp\/v2\/comments?post=144"}],"version-history":[{"count":99,"href":"https:\/\/ahmex.mx\/index.php\/wp-json\/wp\/v2\/pages\/144\/revisions"}],"predecessor-version":[{"id":1271,"href":"https:\/\/ahmex.mx\/index.php\/wp-json\/wp\/v2\/pages\/144\/revisions\/1271"}],"wp:attachment":[{"href":"https:\/\/ahmex.mx\/index.php\/wp-json\/wp\/v2\/media?parent=144"}],"curies":[{"name":"wp","href":"https:\/\/api.w.org\/{rel}","templated":true}]}}