{"id":19,"date":"2023-04-26T17:41:32","date_gmt":"2023-04-26T17:41:32","guid":{"rendered":"https:\/\/ahmex.mx\/?page_id=19"},"modified":"2026-01-30T19:19:55","modified_gmt":"2026-01-30T19:19:55","slug":"inicio","status":"publish","type":"page","link":"https:\/\/ahmex.mx\/","title":{"rendered":"Inicio"},"content":{"rendered":"\n<!DOCTYPE html>\n<html>\n\n<head>\n    <title>Salto<\/title>\n<\/head>\n\n<body>\n   <br>\n<br>\n  <br>\n  <br>\n\n<\/body>\n\n<\/html>\n\n\n\n<div class=\"wp-block-cover alignfull is-light\" style=\"padding-top:var(--wp--preset--spacing--60);padding-right:var(--wp--preset--spacing--60);padding-bottom:var(--wp--preset--spacing--60);padding-left:var(--wp--preset--spacing--60);min-height:414px\"><span aria-hidden=\"true\" class=\"wp-block-cover__background has-background-dim-100 has-background-dim has-background-gradient\" style=\"background:linear-gradient(135deg,rgb(254,205,165) 0%,rgb(254,45,45) 12%,rgb(72,44,44) 93%)\"><\/span><div class=\"wp-block-cover__inner-container\">\n<div class=\"wp-block-columns is-layout-flex wp-container-3\">\n<div class=\"wp-block-column is-layout-flow\" style=\"flex-basis:33.33%\">\n<p class=\"animated zoomIn delay-500ms slow\" style=\"font-size:58px\"><strong>AHMEX  <\/strong><\/p>\n\n\n\n<p><strong>Es una empresa dedicada a satisfacer las necesidades del sector hospitalario y de salud de manera integral, procurando siempre dar una atenci\u00f3n completa y oportuna, aplicando las \u00e1reas de conocimiento en medicina, ingenier\u00eda y administraci\u00f3n de medicamentos.<\/strong><\/p>\n<\/div>\n\n\n\n<div class=\"wp-block-column is-layout-flow\" style=\"flex-basis:66.66%\">\n<div class=\"alignwide\"><div id=\"metaslider-id-435\" style=\"width: 100%;\" class=\"ml-slider-3-30-1 metaslider metaslider-flex metaslider-435 ml-slider\">\n    <div id=\"metaslider_container_435\">\n        <div id=\"metaslider_435\">\n            <ul aria-live=\"polite\" class=\"slides\">\n                <li style=\"display: block; width: 100%;\" class=\"slide-440 ms-image\"><img src=\"https:\/\/ahmex.mx\/wp-content\/uploads\/2023\/05\/inicio1-700x300.jpg\" height=\"300\" width=\"700\" alt=\"\" class=\"slider-435 slide-440\" title=\"inicio1\" \/><\/li>\n                <li style=\"display: none; width: 100%;\" class=\"slide-441 ms-image\"><img src=\"https:\/\/ahmex.mx\/wp-content\/uploads\/2023\/05\/inicio2-700x300.jpg\" height=\"300\" width=\"700\" alt=\"\" class=\"slider-435 slide-441\" title=\"inicio2\" \/><\/li>\n                <li style=\"display: none; width: 100%;\" class=\"slide-442 ms-image\"><img src=\"https:\/\/ahmex.mx\/wp-content\/uploads\/2023\/05\/inicio3-700x300.jpg\" height=\"300\" width=\"700\" alt=\"\" class=\"slider-435 slide-442\" title=\"inicio3\" \/><\/li>\n                <li style=\"display: none; width: 100%;\" class=\"slide-443 ms-image\"><img src=\"https:\/\/ahmex.mx\/wp-content\/uploads\/2023\/05\/inicio4-700x300.jpg\" height=\"300\" width=\"700\" alt=\"\" class=\"slider-435 slide-443\" title=\"inicio4\" \/><\/li>\n            <\/ul>\n        <\/div>\n        \n    <\/div>\n<\/div><\/div>\n<\/div>\n<\/div>\n<\/div><\/div>\n\n\n\n<html>\n    <head>\n        <style>\n            .text-container {\nwidth: 100%;\noverflow: hidden;\n}\n\n.moving-text {\ndisplay: inline-block;\nwhite-space: nowrap;\nanimation: marquee 20s linear infinite;\n\n\n}\n\n\n@keyframes marquee {\n0% {\ntransform: translateX(100%);\n}\n100% {\ntransform: translateX(-100%);\n}\n}\n\n        <\/style>\n\n    <\/head>\n    <body>\n        <div class=\"text-container\">\n             <p class=\"moving-text\" style=\"font-size: 30px; color:blue;\">  \n                <a href=\"https:\/\/ahmex.mx\/index.php\/nosotros\/\">Nosotros<\/a> &nbsp; &nbsp;\n                <a href=\"https:\/\/ahmex.mx\/index.php\/servicios\/\">Servicios<\/a> &nbsp; &nbsp;\n                <a href=\"https:\/\/ahmex.mx\/index.php\/experiencia\/\">Experiencia<\/a> &nbsp; &nbsp;\n                <a href=\"https:\/\/ahmex.mx\/index.php\/nuestros-proveedores\/\">Nuestros Proveedores<\/a> &nbsp; &nbsp;\n                <a href=\"https:\/\/ahmex.mx\/index.php\/contacto\/\">Contacto<\/a>\n            <\/p>;\n        <\/div>\n    <\/body>\n<\/html>\n\n\n\n<div class=\"wp-block-columns is-layout-flex wp-container-6\">\n<div class=\"wp-block-column is-layout-flow\">\n<figure class=\"wp-block-image size-large animated pulse delay-500ms\"><img decoding=\"async\" loading=\"lazy\" width=\"1024\" height=\"368\" src=\"https:\/\/ahmex.mx\/wp-content\/uploads\/2023\/07\/AHMEX_T-1024x368.png\" alt=\"\" class=\"wp-image-1217\" srcset=\"https:\/\/ahmex.mx\/wp-content\/uploads\/2023\/07\/AHMEX_T-1024x368.png 1024w, https:\/\/ahmex.mx\/wp-content\/uploads\/2023\/07\/AHMEX_T-300x108.png 300w, https:\/\/ahmex.mx\/wp-content\/uploads\/2023\/07\/AHMEX_T-768x276.png 768w, https:\/\/ahmex.mx\/wp-content\/uploads\/2023\/07\/AHMEX_T-1536x553.png 1536w, https:\/\/ahmex.mx\/wp-content\/uploads\/2023\/07\/AHMEX_T.png 1946w\" sizes=\"(max-width: 1024px) 100vw, 1024px\" \/><\/figure>\n<\/div>\n\n\n\n<div class=\"wp-block-column is-vertically-aligned-center is-layout-flow\">\n<p class=\"has-text-align-center has-ast-global-color-8-color has-text-color\" style=\"font-size:25px\"><strong>\u00a1EXCELENTE CALIDAD DE SERVICIO PARA NUESTROS CLIENTES!<\/strong><\/p>\n<\/div>\n<\/div>\n\n\n\n<p class=\"has-ast-global-color-8-color has-very-light-gray-to-cyan-bluish-gray-gradient-background has-text-color has-background has-medium-font-size\">En Abastecedora Mexicana para Hospitales siempre buscamos brindar un servicio de alta calidad, atendiendo las necesidades y requerimientos por parte de nuestros clientes.<\/p>\n\n\n\n<p class=\"has-text-align-center has-ast-global-color-8-color has-blush-bordeaux-gradient-background has-text-color has-background\" style=\"font-size:30px\"><strong> Instalaciones de trabajo <\/strong><\/p>\n\n\n\n<div class=\"wp-block-columns alignwide are-vertically-aligned-top is-layout-flex wp-container-10\">\n<div class=\"wp-block-column is-vertically-aligned-top is-layout-flow\">\n<figure class=\"wp-block-image size-large is-resized has-custom-border animated flipInX delay-500ms\"><img decoding=\"async\" loading=\"lazy\" src=\"https:\/\/ahmex.mx\/wp-content\/uploads\/2023\/07\/WhatsApp-Image-2023-07-07-at-3.21.12-PM-1-1024x768.jpeg\" alt=\"\" class=\"wp-image-1170\" style=\"border-style:none;border-width:0px;border-radius:25px\" width=\"385\" height=\"288\" srcset=\"https:\/\/ahmex.mx\/wp-content\/uploads\/2023\/07\/WhatsApp-Image-2023-07-07-at-3.21.12-PM-1-1024x768.jpeg 1024w, https:\/\/ahmex.mx\/wp-content\/uploads\/2023\/07\/WhatsApp-Image-2023-07-07-at-3.21.12-PM-1-300x225.jpeg 300w, https:\/\/ahmex.mx\/wp-content\/uploads\/2023\/07\/WhatsApp-Image-2023-07-07-at-3.21.12-PM-1-768x576.jpeg 768w, https:\/\/ahmex.mx\/wp-content\/uploads\/2023\/07\/WhatsApp-Image-2023-07-07-at-3.21.12-PM-1-1536x1152.jpeg 1536w, https:\/\/ahmex.mx\/wp-content\/uploads\/2023\/07\/WhatsApp-Image-2023-07-07-at-3.21.12-PM-1.jpeg 1600w\" sizes=\"(max-width: 385px) 100vw, 385px\" \/><\/figure>\n<\/div>\n\n\n\n<div class=\"wp-block-column is-vertically-aligned-top is-layout-flow\">\n<figure class=\"wp-block-image size-large has-custom-border animated flipInX delay-500ms\"><img decoding=\"async\" loading=\"lazy\" width=\"1024\" height=\"768\" src=\"https:\/\/ahmex.mx\/wp-content\/uploads\/2023\/07\/WhatsApp-Image-2023-07-07-at-3.21.12-PM-2-1024x768.jpeg\" alt=\"\" class=\"wp-image-1171\" style=\"border-radius:25px\" srcset=\"https:\/\/ahmex.mx\/wp-content\/uploads\/2023\/07\/WhatsApp-Image-2023-07-07-at-3.21.12-PM-2-1024x768.jpeg 1024w, https:\/\/ahmex.mx\/wp-content\/uploads\/2023\/07\/WhatsApp-Image-2023-07-07-at-3.21.12-PM-2-300x225.jpeg 300w, https:\/\/ahmex.mx\/wp-content\/uploads\/2023\/07\/WhatsApp-Image-2023-07-07-at-3.21.12-PM-2-768x576.jpeg 768w, https:\/\/ahmex.mx\/wp-content\/uploads\/2023\/07\/WhatsApp-Image-2023-07-07-at-3.21.12-PM-2-1536x1152.jpeg 1536w, https:\/\/ahmex.mx\/wp-content\/uploads\/2023\/07\/WhatsApp-Image-2023-07-07-at-3.21.12-PM-2.jpeg 1600w\" sizes=\"(max-width: 1024px) 100vw, 1024px\" \/><\/figure>\n<\/div>\n\n\n\n<div class=\"wp-block-column is-vertically-aligned-top is-layout-flow\">\n<figure class=\"wp-block-image size-large has-custom-border animated flipInX delay-500ms\"><img decoding=\"async\" loading=\"lazy\" width=\"1024\" height=\"768\" src=\"https:\/\/ahmex.mx\/wp-content\/uploads\/2023\/07\/WhatsApp-Image-2023-07-07-at-3.21.12-PM-1024x768.jpeg\" alt=\"\" class=\"wp-image-1172\" style=\"border-radius:25px\" srcset=\"https:\/\/ahmex.mx\/wp-content\/uploads\/2023\/07\/WhatsApp-Image-2023-07-07-at-3.21.12-PM-1024x768.jpeg 1024w, https:\/\/ahmex.mx\/wp-content\/uploads\/2023\/07\/WhatsApp-Image-2023-07-07-at-3.21.12-PM-300x225.jpeg 300w, https:\/\/ahmex.mx\/wp-content\/uploads\/2023\/07\/WhatsApp-Image-2023-07-07-at-3.21.12-PM-768x576.jpeg 768w, https:\/\/ahmex.mx\/wp-content\/uploads\/2023\/07\/WhatsApp-Image-2023-07-07-at-3.21.12-PM-1536x1152.jpeg 1536w, https:\/\/ahmex.mx\/wp-content\/uploads\/2023\/07\/WhatsApp-Image-2023-07-07-at-3.21.12-PM.jpeg 1600w\" sizes=\"(max-width: 1024px) 100vw, 1024px\" \/><\/figure>\n<\/div>\n<\/div>\n\n\n\n<p class=\"has-text-align-center has-ast-global-color-8-color has-blush-bordeaux-gradient-background has-text-color has-background\" style=\"font-size:30px\"><strong>Actividades de la empresa <\/strong><\/p>\n\n\n\n<div class=\"wp-block-media-text is-stacked-on-mobile animated fadeInLeft\" style=\"grid-template-columns:23% auto\"><figure class=\"wp-block-media-text__media\"><img decoding=\"async\" loading=\"lazy\" width=\"530\" height=\"318\" src=\"https:\/\/ahmex.mx\/wp-content\/uploads\/2023\/07\/act1.jpg\" alt=\"\" class=\"wp-image-1188 size-full\" srcset=\"https:\/\/ahmex.mx\/wp-content\/uploads\/2023\/07\/act1.jpg 530w, https:\/\/ahmex.mx\/wp-content\/uploads\/2023\/07\/act1-300x180.jpg 300w\" sizes=\"(max-width: 530px) 100vw, 530px\" \/><\/figure><div class=\"wp-block-media-text__content\">\n<p class=\"has-ast-global-color-8-color has-text-color\"><strong>Fabricaci\u00f3n, comercializaci\u00f3n, distribuci\u00f3n y reparaci\u00f3n de equipo m\u00e9dico, mantenimiento a instalaciones y equipos m\u00e9dicos del sector Salud.<\/strong><\/p>\n<\/div><\/div>\n\n\n\n<div class=\"wp-block-media-text has-media-on-the-right is-stacked-on-mobile animated fadeInRightBig\" style=\"grid-template-columns:auto 23%\"><div class=\"wp-block-media-text__content\">\n<p class=\"has-ast-global-color-8-color has-text-color\"><strong>Mantenimiento, suministro, conservaci\u00f3n, instalaci\u00f3n y reacondicionamiento equipos<br>electrom\u00e9dicos y electromec\u00e1nicos.<\/strong><\/p>\n<\/div><figure class=\"wp-block-media-text__media\"><img decoding=\"async\" loading=\"lazy\" width=\"1024\" height=\"512\" src=\"https:\/\/ahmex.mx\/wp-content\/uploads\/2023\/07\/act2-1024x512.jpg\" alt=\"\" class=\"wp-image-1189 size-full\" srcset=\"https:\/\/ahmex.mx\/wp-content\/uploads\/2023\/07\/act2-1024x512.jpg 1024w, https:\/\/ahmex.mx\/wp-content\/uploads\/2023\/07\/act2-300x150.jpg 300w, https:\/\/ahmex.mx\/wp-content\/uploads\/2023\/07\/act2-768x384.jpg 768w, https:\/\/ahmex.mx\/wp-content\/uploads\/2023\/07\/act2.jpg 1160w\" sizes=\"(max-width: 1024px) 100vw, 1024px\" \/><\/figure><\/div>\n\n\n\n<div class=\"wp-block-media-text is-stacked-on-mobile animated fadeInLeft\" style=\"grid-template-columns:23% auto\"><figure class=\"wp-block-media-text__media\"><img decoding=\"async\" loading=\"lazy\" width=\"560\" height=\"254\" src=\"https:\/\/ahmex.mx\/wp-content\/uploads\/2023\/07\/act3.jpg\" alt=\"\" class=\"wp-image-1190 size-full\" srcset=\"https:\/\/ahmex.mx\/wp-content\/uploads\/2023\/07\/act3.jpg 560w, https:\/\/ahmex.mx\/wp-content\/uploads\/2023\/07\/act3-300x136.jpg 300w\" sizes=\"(max-width: 560px) 100vw, 560px\" \/><\/figure><div class=\"wp-block-media-text__content\">\n<p class=\"has-ast-global-color-8-color has-text-color\"><strong>Venta y distribuci\u00f3n de equipos y refacciones m\u00e9dicos.<\/strong><\/p>\n<\/div><\/div>\n\n\n\n<div class=\"wp-block-media-text has-media-on-the-right is-stacked-on-mobile animated fadeInRight\" style=\"grid-template-columns:auto 23%\"><div class=\"wp-block-media-text__content\">\n<p class=\"has-ast-global-color-8-color has-text-color\"><strong>Venta y distribuci\u00f3n de medicamento patentes, gen\u00e9ricos y controlados.<\/strong><\/p>\n<\/div><figure class=\"wp-block-media-text__media\"><img decoding=\"async\" loading=\"lazy\" width=\"600\" height=\"315\" src=\"https:\/\/ahmex.mx\/wp-content\/uploads\/2023\/07\/act4.jpg\" alt=\"\" class=\"wp-image-1191 size-full\" srcset=\"https:\/\/ahmex.mx\/wp-content\/uploads\/2023\/07\/act4.jpg 600w, https:\/\/ahmex.mx\/wp-content\/uploads\/2023\/07\/act4-300x158.jpg 300w\" sizes=\"(max-width: 600px) 100vw, 600px\" \/><\/figure><\/div>\n\n\n\n<div class=\"wp-block-media-text is-stacked-on-mobile animated fadeInLeft\" style=\"grid-template-columns:23% auto\"><figure class=\"wp-block-media-text__media\"><img decoding=\"async\" loading=\"lazy\" width=\"698\" height=\"400\" src=\"https:\/\/ahmex.mx\/wp-content\/uploads\/2023\/07\/act5-1.jpg\" alt=\"\" class=\"wp-image-1195 size-full\" srcset=\"https:\/\/ahmex.mx\/wp-content\/uploads\/2023\/07\/act5-1.jpg 698w, https:\/\/ahmex.mx\/wp-content\/uploads\/2023\/07\/act5-1-300x172.jpg 300w\" sizes=\"(max-width: 698px) 100vw, 698px\" \/><\/figure><div class=\"wp-block-media-text__content\">\n<p class=\"has-ast-global-color-8-color has-text-color\"><strong>Servicio de transporte y traslado de toda clase de Medicamentos.<\/strong><\/p>\n<\/div><\/div>\n\n\n\n<div class=\"wp-block-media-text has-media-on-the-right is-stacked-on-mobile animated fadeInRight\" style=\"grid-template-columns:auto 23%\"><div class=\"wp-block-media-text__content\">\n<p class=\"has-ast-global-color-8-color has-text-color\"><strong>Servicio de laboratorio; Ex\u00e1menes m\u00e9dicos peri\u00f3dicos y especiales.<\/strong><\/p>\n<\/div><figure class=\"wp-block-media-text__media\"><img decoding=\"async\" loading=\"lazy\" width=\"600\" height=\"450\" src=\"https:\/\/ahmex.mx\/wp-content\/uploads\/2023\/07\/act6.jpg\" alt=\"\" class=\"wp-image-1193 size-full\" srcset=\"https:\/\/ahmex.mx\/wp-content\/uploads\/2023\/07\/act6.jpg 600w, https:\/\/ahmex.mx\/wp-content\/uploads\/2023\/07\/act6-300x225.jpg 300w\" sizes=\"(max-width: 600px) 100vw, 600px\" \/><\/figure><\/div>\n\n\n\n<div class=\"wp-block-media-text is-stacked-on-mobile animated fadeInRight\" style=\"grid-template-columns:23% auto\"><figure class=\"wp-block-media-text__media\"><img decoding=\"async\" loading=\"lazy\" width=\"768\" height=\"512\" src=\"https:\/\/ahmex.mx\/wp-content\/uploads\/2023\/07\/act7.jpg\" alt=\"\" class=\"wp-image-1194 size-full\" srcset=\"https:\/\/ahmex.mx\/wp-content\/uploads\/2023\/07\/act7.jpg 768w, https:\/\/ahmex.mx\/wp-content\/uploads\/2023\/07\/act7-300x200.jpg 300w\" sizes=\"(max-width: 768px) 100vw, 768px\" \/><\/figure><div class=\"wp-block-media-text__content\">\n<p class=\"has-ast-global-color-8-color has-text-color\"><strong>Prestaci\u00f3n de Servicios m\u00e9dicos de salud en; Anestesi\u00f3logo, Cardi\u00f3logo, Cirujano, Dermat\u00f3logo, Especialistas en Medicina de Urgencias y Medicina Intensiva, Ginec\u00f3logo, Gastroenter\u00f3logo, Nefr\u00f3logo, Neum\u00f3logo, Neur\u00f3logo, Oftalm\u00f3logo, Onc\u00f3logo, Radi\u00f3logo, Ur\u00f3logo, Otorrinolaring\u00f3logo<\/strong><\/p>\n<\/div><\/div>\n\n\n\n<p>&#8211;<\/p>\n\n\n\n<p class=\"has-text-align-center has-ast-global-color-8-color has-blush-bordeaux-gradient-background has-text-color has-background\" style=\"font-size:30px\"><strong> Nuestros clientes <\/strong><\/p>\n\n\n\n<div class=\"wp-block-columns alignwide is-layout-flex wp-container-18\">\n<div class=\"wp-block-column is-layout-flow\" style=\"flex-basis:66.66%\">\n<p class=\"has-text-align-left has-ast-global-color-8-color has-text-color has-medium-font-size\">Con m\u00e1s de 10 a\u00f1os en el mercado, hemos colaborado con empresas y organizaciones de talla nacional y mundial, en sectores:<\/p>\n\n\n\n<div class=\"wp-block-columns is-layout-flex wp-container-15\">\n<div class=\"wp-block-column is-layout-flow\">\n<div class=\"wp-block-buttons is-content-justification-center is-layout-flex wp-container-11\">\n<div class=\"wp-block-button has-custom-width wp-block-button__width-75\"><a class=\"wp-block-button__link has-ast-global-color-8-color has-electric-grass-gradient-background has-text-color has-background wp-element-button\">P\u00fablico<\/a><\/div>\n<\/div>\n<\/div>\n\n\n\n<div class=\"wp-block-column is-layout-flow\">\n<div class=\"wp-block-buttons is-content-justification-center is-layout-flex wp-container-13\">\n<div class=\"wp-block-button has-custom-width wp-block-button__width-75\"><a class=\"wp-block-button__link has-ast-global-color-8-color has-electric-grass-gradient-background has-text-color has-background wp-element-button\">Privado<\/a><\/div>\n<\/div>\n<\/div>\n<\/div>\n\n\n\n<p><\/p>\n<\/div>\n\n\n\n<div class=\"wp-block-column is-layout-flow\" style=\"flex-basis:33.33%\">\n<figure class=\"wp-block-image size-large is-resized\"><img decoding=\"async\" loading=\"lazy\" src=\"https:\/\/ahmex.mx\/wp-content\/uploads\/2023\/07\/consultorio-legal2-1-1024x512.jpg\" alt=\"\" class=\"wp-image-1210\" width=\"389\" height=\"194\" srcset=\"https:\/\/ahmex.mx\/wp-content\/uploads\/2023\/07\/consultorio-legal2-1-1024x512.jpg 1024w, https:\/\/ahmex.mx\/wp-content\/uploads\/2023\/07\/consultorio-legal2-1-300x150.jpg 300w, https:\/\/ahmex.mx\/wp-content\/uploads\/2023\/07\/consultorio-legal2-1-768x384.jpg 768w, https:\/\/ahmex.mx\/wp-content\/uploads\/2023\/07\/consultorio-legal2-1.jpg 1200w\" sizes=\"(max-width: 389px) 100vw, 389px\" \/><\/figure>\n<\/div>\n<\/div>\n\n\n\n<div class=\"wp-block-cover\" style=\"min-height:433px\"><span aria-hidden=\"true\" class=\"wp-block-cover__background has-ast-global-color-0-background-color has-background-dim-100 has-background-dim\"><\/span><div class=\"wp-block-cover__inner-container\">\n<div class=\"wp-block-columns is-layout-flex wp-container-21\">\n<div class=\"wp-block-column is-vertically-aligned-center is-layout-flow\">\n<p class=\"has-text-align-center\" style=\"font-size:48px\">PRESENCIA NACIONAL<\/p>\n<\/div>\n\n\n\n<div class=\"wp-block-column is-layout-flow\">\n<figure class=\"wp-block-image aligncenter size-full is-resized animated pulse delay-500ms slower\"><img decoding=\"async\" loading=\"lazy\" src=\"https:\/\/ahmex.mx\/wp-content\/uploads\/2023\/07\/mapa-de-mexico-d-png-mapa-mexico-3d-11562982904lrs0ldzn0g-1.png\" alt=\"\" class=\"wp-image-1178\" width=\"390\" height=\"273\"\/><\/figure>\n<\/div>\n<\/div>\n\n\n\n<div class=\"wp-block-columns is-layout-flex wp-container-23\">\n<div class=\"wp-block-column is-layout-flow\">\n<p>Sabemos que nuestros clientes acuden normalmente a nosotros buscando productos que mejoren su calidad de vida, productos indispensables para sobrellevar alg\u00fan padecimiento o enfermedad por lo que somos una empresa comprometida con la calidad de los productos m\u00e9dicos que ofrecemos y procuramos dar un servicio con empat\u00eda al cliente buscando siempre la mejor soluci\u00f3n a sus problemas.<br>Nuestro personal y la seguridad, son los factores m\u00e1s importantes de nuestra empresa. Son los que nos dan valor como empresa, nos<br>y que han permitido crecer en diferentes estados de la Republica Mexicana y seguir ofreciendo a nuestros clientes un servicio, confiable y seguro, porque \u00e9se es nuestro compromiso.<\/p>\n<\/div>\n<\/div>\n<\/div><\/div>\n","protected":false},"excerpt":{"rendered":"<p>Salto Nosotros &nbsp; &nbsp; Servicios &nbsp; &nbsp; Experiencia &nbsp; &nbsp; Nuestros Proveedores &nbsp; &nbsp; Contacto ; \u00a1EXCELENTE CALIDAD DE SERVICIO PARA NUESTROS CLIENTES! En Abastecedora Mexicana para Hospitales siempre buscamos brindar un servicio de alta calidad, atendiendo las necesidades y requerimientos por parte de nuestros clientes. Instalaciones de trabajo Actividades de la empresa Fabricaci\u00f3n, comercializaci\u00f3n, &hellip;<\/p>\n<p class=\"read-more\"> <a class=\"\" href=\"https:\/\/ahmex.mx\/\"> <span class=\"screen-reader-text\">Inicio<\/span> Read More &raquo;<\/a><\/p>\n","protected":false},"author":2,"featured_media":0,"parent":0,"menu_order":0,"comment_status":"closed","ping_status":"closed","template":"","meta":{"site-sidebar-layout":"no-sidebar","site-content-layout":"plain-container","ast-global-header-display":"","ast-main-header-display":"","ast-hfb-above-header-display":"","ast-hfb-below-header-display":"","ast-hfb-mobile-header-display":"","site-post-title":"disabled","ast-breadcrumbs-content":"","ast-featured-img":"","footer-sml-layout":"","theme-transparent-header-meta":"disabled","adv-header-id-meta":"","stick-header-meta":"","header-above-stick-meta":"","header-main-stick-meta":"","header-below-stick-meta":""},"_links":{"self":[{"href":"https:\/\/ahmex.mx\/index.php\/wp-json\/wp\/v2\/pages\/19"}],"collection":[{"href":"https:\/\/ahmex.mx\/index.php\/wp-json\/wp\/v2\/pages"}],"about":[{"href":"https:\/\/ahmex.mx\/index.php\/wp-json\/wp\/v2\/types\/page"}],"author":[{"embeddable":true,"href":"https:\/\/ahmex.mx\/index.php\/wp-json\/wp\/v2\/users\/2"}],"replies":[{"embeddable":true,"href":"https:\/\/ahmex.mx\/index.php\/wp-json\/wp\/v2\/comments?post=19"}],"version-history":[{"count":145,"href":"https:\/\/ahmex.mx\/index.php\/wp-json\/wp\/v2\/pages\/19\/revisions"}],"predecessor-version":[{"id":1246,"href":"https:\/\/ahmex.mx\/index.php\/wp-json\/wp\/v2\/pages\/19\/revisions\/1246"}],"wp:attachment":[{"href":"https:\/\/ahmex.mx\/index.php\/wp-json\/wp\/v2\/media?parent=19"}],"curies":[{"name":"wp","href":"https:\/\/api.w.org\/{rel}","templated":true}]}}